{"id":3318,"date":"2016-04-24T21:58:59","date_gmt":"2016-04-24T20:58:59","guid":{"rendered":"http:\/\/www.podialab.com\/?page_id=3318"},"modified":"2017-12-24T12:53:11","modified_gmt":"2017-12-24T11:53:11","slug":"chaussures-therapeutiques-sur-mesure","status":"publish","type":"page","link":"https:\/\/www.podialab.com\/index.php\/chaussures-therapeutiques-sur-mesure\/","title":{"rendered":"Chaussures th\u00e9rapeutiques sur mesure"},"content":{"rendered":"<p>[vc_row css=\u00a0\u00bb.vc_custom_1461663625590{padding-top: 100px !important;}\u00a0\u00bb][vc_column][vc_custom_heading text=\u00a0\u00bbChaussures th\u00e9rapeutiques sur mesure\u00a0\u00bb font_container=\u00a0\u00bbtag:h2|font_size:44|text_align:center|color:%23444444|line_height:1&Prime; use_theme_fonts=\u00a0\u00bbyes\u00a0\u00bb][vc_empty_space height=\u00a0\u00bb40&Prime;][\/vc_column][\/vc_row][vc_row][vc_column width=\u00a0\u00bb1\/2&Prime;][vc_column_text css=\u00a0\u00bb.vc_custom_1462131408623{padding-top: 35px !important;}\u00a0\u00bb]<b><\/b>Les chaussures th\u00e9rapeutiques sur mesure font partie de la famille du grand appareillage. Elles sont r\u00e9alis\u00e9es apr\u00e8s un examen minutieux des pieds, de la posture, mais \u00e9galement apr\u00e8s l&rsquo;\u00e9tude :<\/p>\n<p>&#8211; des appuis plantaires au podoscope<br \/>\n&#8211; des empreintes photopodographiques et \/ou\u00a0podom\u00e9triques<br \/>\n&#8211; de la marche<br \/>\n&#8211; de l&rsquo;expression des besoins li\u00e9s au cadre de vie<\/p>\n<p>La conduite de l&rsquo;examen podologique est renforc\u00e9e par l&rsquo;analyse statique des pressions plantaires capt\u00e9es sur un plateau \u00e9lectronique \u00e0 traduction informatis\u00e9e.<\/p>\n<p>Nous vous proposons une large gamme de mod\u00e8les et de couleurs souvent renouvel\u00e9s.<\/p>\n<p>Les chaussures sont enti\u00e8rement fabriqu\u00e9es \u00e0 la main. La qualit\u00e9 de finition, l\u2019adaptation et le respect des d\u00e9lais font partie de nos priorit\u00e9s.<\/p>\n<p>Nous mettons un point d\u2019honneur \u00e0 vous proposer des chaussures adapt\u00e9es et discr\u00e8tes fabriqu\u00e9es avec des mat\u00e9riaux qui r\u00e9pondent \u00e0 vos besoins.<\/p>\n<p>Apr\u00e8s avoir soumis un devis pour l\u2019appareillage \u00e0 la s\u00e9curit\u00e9 sociale qui l\u2019\u00e9tudie sous trois semaines, chaque patient peut b\u00e9n\u00e9ficier de deux paires de chaussures orthop\u00e9diques la premi\u00e8re ann\u00e9e. Puis, si besoin, le patient peut se voir accorder une paire de chaussures chaque ann\u00e9e.[\/vc_column_text][vc_empty_space height=\u00a0\u00bb35&Prime;][\/vc_column][vc_column width=\u00a0\u00bb1\/2&Prime;][vc_empty_space height=\u00a0\u00bb120&Prime;][vc_gallery interval=\u00a0\u00bb3&Prime; images=\u00a0\u00bb3756,3757,3758,3759,3760,3761,3762,3763,3764,3765,3766,3767,3768,3769&Prime; img_size=\u00a0\u00bblarge\u00a0\u00bb onclick=\u00a0\u00bb\u00a0\u00bb css_animation=\u00a0\u00bbnone\u00a0\u00bb][\/vc_column][\/vc_row][vc_row][vc_column width=\u00a0\u00bb1\/2&Prime;][vc_empty_space height=\u00a0\u00bb70&Prime;][\/vc_column][vc_column width=\u00a0\u00bb1\/2&Prime;][vc_column_text css=\u00a0\u00bb.vc_custom_1464537719622{padding-top: 35px !important;}\u00a0\u00bb]Les enfants, quant \u00e0 eux, peuvent pr\u00e9tendre, si besoin, \u00e0 deux paires chaque ann\u00e9e jusqu\u2019\u00e0 l\u2019\u00e2ge de 18 ans.<\/p>\n<p><b>Des chaussures pour :<\/b><\/p>\n<ul>\n<li>Polyarthrite rhumato\u00efde.<\/li>\n<li>Diab\u00e8te: neuropathie et\/ou art\u00e9riopathie.<\/li>\n<li>D\u00e9formation avant pied: Hallux valgus\/rigidus, arthrose, griffes d\u2019orteils, avant-pied triangulaire\/rond.<\/li>\n<li>Trouble statique: Varus, valgus, pied creux, pied plat.<\/li>\n<li>Paralysie centrale et p\u00e9riph\u00e9rique: h\u00e9mipl\u00e9gie, paralysie S.P.E, parapl\u00e9gie, maladie Charcot Marie Tooth.<\/li>\n<li>In\u00e9galit\u00e9 des membres inf\u00e9rieurs sup\u00e9rieure \u00e0 2 cm.<\/li>\n<li>Amputation d\u2019orteils, Chopart et Lisfranc.<\/li>\n<\/ul>\n<p>Nos chaussures orthop\u00e9diques ont pour objectif de pr\u00e9venir ou de corriger les d\u00e9formations et les malformations (cong\u00e9nitales ou acquises) des os, des articulations, des muscles et des tendons chez les enfants et chez les adultes.<\/p>\n<p>L\u2019orthop\u00e9die concerne en particulier le traitement des affections des membres inf\u00e9rieurs (hanche, genou et pied).<\/p>\n<p>Elles sont r\u00e9alis\u00e9es sur prescription m\u00e9dicale d&rsquo;un m\u00e9decin sp\u00e9cialiste: rhumatologue, chirurgien orthop\u00e9dique, diab\u00e9tologue, m\u00e9decin de r\u00e9\u00e9ducation,\u00a0m\u00e9decin physique et r\u00e9adaptation fonctionnelle, orthop\u00e9die, rhumatologie, neurochirurgie, neurologie, endocrinologie, chirurgie vasculaire, chirurgie plastique, dermatologie.<\/p>\n<p>Lors du renouvellement, votre m\u00e9decin g\u00e9n\u00e9raliste peut vous prescrire une paire de chaussures orthop\u00e9diques.<\/p>\n<p>Nous effectuons toutes les d\u00e9marches administratives n\u00e9cessaires pour la prise en charge aupr\u00e8s de votre caisse.<\/p>\n<p><b>R\u00e9parations :<\/b><\/p>\n<p>Pour l\u2019entretien des chaussures orthop\u00e9diques, trois forfaits sont pris en charge par la s\u00e9curit\u00e9 sociale:\u00a0 le semelage, l\u2019orth\u00e8se interne, la tige.[\/vc_column_text][\/vc_column][\/vc_row][vc_row][vc_column][vc_column_text]<\/p>\n<p>[\/vc_column_text][\/vc_column][\/vc_row]<\/p>\n","protected":false},"excerpt":{"rendered":"<p>[vc_row css=\u00a0\u00bb.vc_custom_1461663625590{padding-top: 100px !important;}\u00a0\u00bb][vc_column][vc_custom_heading text=\u00a0\u00bbChaussures th\u00e9rapeutiques sur mesure\u00a0\u00bb font_container=\u00a0\u00bbtag:h2|font_size:44|text_align:center|color:%23444444|line_height:1&Prime; use_theme_fonts=\u00a0\u00bbyes\u00a0\u00bb][vc_empty_space height=\u00a0\u00bb40&Prime;][\/vc_column][\/vc_row][vc_row][vc_column width=\u00a0\u00bb1\/2&Prime;][vc_column_text css=\u00a0\u00bb.vc_custom_1462131408623{padding-top: 35px !important;}\u00a0\u00bb]Les chaussures th\u00e9rapeutiques sur mesure font partie de la famille du grand appareillage. Elles sont r\u00e9alis\u00e9es apr\u00e8s un examen minutieux des pieds, de la posture, mais \u00e9galement apr\u00e8s l&rsquo;\u00e9tude : &#8211; des appuis plantaires au podoscope &#8211; des empreintes photopodographiques et [&hellip;]<\/p>\n","protected":false},"author":1,"featured_media":0,"parent":0,"menu_order":0,"comment_status":"closed","ping_status":"closed","template":"","meta":[],"_links":{"self":[{"href":"https:\/\/www.podialab.com\/index.php\/wp-json\/wp\/v2\/pages\/3318"}],"collection":[{"href":"https:\/\/www.podialab.com\/index.php\/wp-json\/wp\/v2\/pages"}],"about":[{"href":"https:\/\/www.podialab.com\/index.php\/wp-json\/wp\/v2\/types\/page"}],"author":[{"embeddable":true,"href":"https:\/\/www.podialab.com\/index.php\/wp-json\/wp\/v2\/users\/1"}],"replies":[{"embeddable":true,"href":"https:\/\/www.podialab.com\/index.php\/wp-json\/wp\/v2\/comments?post=3318"}],"version-history":[{"count":68,"href":"https:\/\/www.podialab.com\/index.php\/wp-json\/wp\/v2\/pages\/3318\/revisions"}],"predecessor-version":[{"id":3770,"href":"https:\/\/www.podialab.com\/index.php\/wp-json\/wp\/v2\/pages\/3318\/revisions\/3770"}],"wp:attachment":[{"href":"https:\/\/www.podialab.com\/index.php\/wp-json\/wp\/v2\/media?parent=3318"}],"curies":[{"name":"wp","href":"https:\/\/api.w.org\/{rel}","templated":true}]}}