{"id":3338,"date":"2016-04-24T22:36:07","date_gmt":"2016-04-24T21:36:07","guid":{"rendered":"http:\/\/www.podialab.com\/?page_id=3338"},"modified":"2017-03-28T15:12:39","modified_gmt":"2017-03-28T14:12:39","slug":"les-semelles-pour-sportif","status":"publish","type":"page","link":"https:\/\/www.podialab.com\/index.php\/les-semelles-pour-sportif\/","title":{"rendered":"Les semelles pour Sportif"},"content":{"rendered":"<p>[vc_row full_width=\u00a0\u00bbstretch_row\u00a0\u00bb css=\u00a0\u00bb.vc_custom_1461697397376{padding-top: 100px !important;padding-bottom: 100px !important;background-color: #ffffff !important;}\u00a0\u00bb][vc_column css=\u00a0\u00bb.vc_custom_1461661855068{background-color: #ffffff !important;}\u00a0\u00bb][vc_custom_heading text=\u00a0\u00bbLes semelles pour sportifs :\u00a0\u00bb font_container=\u00a0\u00bbtag:h2|font_size:44|text_align:center|color:%23000000|line_height:1&Prime; use_theme_fonts=\u00a0\u00bbyes\u00a0\u00bb][vc_empty_space height=\u00a0\u00bb40&Prime;][vc_row_inner equal_height=\u00a0\u00bbyes\u00a0\u00bb css=\u00a0\u00bb.vc_custom_1461697145655{margin-top: 0px !important;}\u00a0\u00bb][vc_column_inner width=\u00a0\u00bb1\/2&Prime;][vc_single_image image=\u00a0\u00bb3530&Prime; img_size=\u00a0\u00bbfull\u00a0\u00bb alignment=\u00a0\u00bbcenter\u00a0\u00bb][vc_empty_space][vc_column_text]<\/p>\n<p style=\"text-align: justify;\">Chaque sport est diff\u00e9rent dans ses appuis, sa posture. Nous vous guiderons pour le choix de vos chaussures et r\u00e9aliserons une paire de semelles correspondant \u00e0 votre activit\u00e9.<\/p>\n<p style=\"text-align: justify;\">Les principales douleurs rencontr\u00e9es en consultation :<\/p>\n<ul>\n<li style=\"text-align: justify;\">P\u00e9riostite (douleur au niveau du tibia)<\/li>\n<li style=\"text-align: justify;\">Syndrome de l\u2019essuie-glace (tenseur du fascia lata)<\/li>\n<li style=\"text-align: justify;\">Talalgie plantaire<\/li>\n<li style=\"text-align: justify;\">Douleurs au niveau de la colonne vert\u00e9brale<\/li>\n<li style=\"text-align: justify;\">Tendinite du tendon d\u2019Achille<\/li>\n<li style=\"text-align: justify;\">Douleurs de genoux<\/li>\n<\/ul>\n<p>[\/vc_column_text][\/vc_column_inner][vc_column_inner width=\u00a0\u00bb1\/2&Prime;][vc_column_text]<\/p>\n<p style=\"text-align: justify;\"><span style=\"color: #454545;\"><strong>Notre philosophie :\u00a0<\/strong><\/span><\/p>\n<p style=\"text-align: justify;\"><span style=\"color: #454545;\"><strong>\u00ca<\/strong><b>tre \u00e0 l&rsquo;\u00e9coute du patient mais aussi du m\u00e9decin prescripteur, comprendre les troubles de la statique, cause de nombreuses douleurs, et agir pour les att\u00e9nuer.<\/b><\/span><\/p>\n<p style=\"text-align: justify;\">La sollicitation des divers articulations, ligaments et muscles est d\u00e9cupl\u00e9e lors de l\u2019activit\u00e9 sportive. C\u2019est pour cela que nous utilisons des semelles thermoform\u00e9es directement sous les pieds, de densit\u00e9 variable, avec possibilit\u00e9 de mat\u00e9riaux absorbeurs de choc aux talons et propulseurs \u00e0 l&rsquo;avant pied. Nous incluons \u00e9galement des \u00e9l\u00e9ments permettant de corriger la posture du corps, et du pied si besoin.<\/p>\n<p>\u00a0[\/vc_column_text][vc_single_image image=\u00a0\u00bb3531&Prime; img_size=\u00a0\u00bbfull\u00a0\u00bb alignment=\u00a0\u00bbcenter\u00a0\u00bb][vc_empty_space][\/vc_column_inner][\/vc_row_inner][\/vc_column][\/vc_row]<\/p>\n","protected":false},"excerpt":{"rendered":"<p>[vc_row full_width=\u00a0\u00bbstretch_row\u00a0\u00bb css=\u00a0\u00bb.vc_custom_1461697397376{padding-top: 100px !important;padding-bottom: 100px !important;background-color: #ffffff !important;}\u00a0\u00bb][vc_column css=\u00a0\u00bb.vc_custom_1461661855068{background-color: #ffffff !important;}\u00a0\u00bb][vc_custom_heading text=\u00a0\u00bbLes semelles pour sportifs :\u00a0\u00bb font_container=\u00a0\u00bbtag:h2|font_size:44|text_align:center|color:%23000000|line_height:1&Prime; use_theme_fonts=\u00a0\u00bbyes\u00a0\u00bb][vc_empty_space height=\u00a0\u00bb40&Prime;][vc_row_inner equal_height=\u00a0\u00bbyes\u00a0\u00bb css=\u00a0\u00bb.vc_custom_1461697145655{margin-top: 0px !important;}\u00a0\u00bb][vc_column_inner width=\u00a0\u00bb1\/2&Prime;][vc_single_image image=\u00a0\u00bb3530&Prime; img_size=\u00a0\u00bbfull\u00a0\u00bb alignment=\u00a0\u00bbcenter\u00a0\u00bb][vc_empty_space][vc_column_text] Chaque sport est diff\u00e9rent dans ses appuis, sa posture. Nous vous guiderons pour le choix de vos chaussures et r\u00e9aliserons une paire de semelles correspondant \u00e0 votre [&hellip;]<\/p>\n","protected":false},"author":1,"featured_media":0,"parent":0,"menu_order":0,"comment_status":"closed","ping_status":"closed","template":"","meta":[],"_links":{"self":[{"href":"https:\/\/www.podialab.com\/index.php\/wp-json\/wp\/v2\/pages\/3338"}],"collection":[{"href":"https:\/\/www.podialab.com\/index.php\/wp-json\/wp\/v2\/pages"}],"about":[{"href":"https:\/\/www.podialab.com\/index.php\/wp-json\/wp\/v2\/types\/page"}],"author":[{"embeddable":true,"href":"https:\/\/www.podialab.com\/index.php\/wp-json\/wp\/v2\/users\/1"}],"replies":[{"embeddable":true,"href":"https:\/\/www.podialab.com\/index.php\/wp-json\/wp\/v2\/comments?post=3338"}],"version-history":[{"count":24,"href":"https:\/\/www.podialab.com\/index.php\/wp-json\/wp\/v2\/pages\/3338\/revisions"}],"predecessor-version":[{"id":3712,"href":"https:\/\/www.podialab.com\/index.php\/wp-json\/wp\/v2\/pages\/3338\/revisions\/3712"}],"wp:attachment":[{"href":"https:\/\/www.podialab.com\/index.php\/wp-json\/wp\/v2\/media?parent=3338"}],"curies":[{"name":"wp","href":"https:\/\/api.w.org\/{rel}","templated":true}]}}