{"id":3346,"date":"2016-04-24T22:43:18","date_gmt":"2016-04-24T21:43:18","guid":{"rendered":"http:\/\/www.podialab.com\/?page_id=3346"},"modified":"2017-03-28T15:14:06","modified_gmt":"2017-03-28T14:14:06","slug":"pneumaflex","status":"publish","type":"page","link":"https:\/\/www.podialab.com\/index.php\/pneumaflex\/","title":{"rendered":"pneumaflex"},"content":{"rendered":"<p>[vc_row full_width=\u00a0\u00bbstretch_row\u00a0\u00bb css=\u00a0\u00bb.vc_custom_1461662271106{padding-top: 100px !important;padding-bottom: 100px !important;background-color: #ffffff !important;}\u00a0\u00bb][vc_column css=\u00a0\u00bb.vc_custom_1461662203985{background-color: #ffffff !important;}\u00a0\u00bb][vc_custom_heading text=\u00a0\u00bbTechnologie Pneumaflex3\u00ae :\u00a0\u00bb font_container=\u00a0\u00bbtag:h1|font_size:44|text_align:center|color:%23000000|line_height:1&Prime; use_theme_fonts=\u00a0\u00bbyes\u00a0\u00bb][vc_empty_space height=\u00a0\u00bb40&Prime;][vc_row_inner equal_height=\u00a0\u00bbyes\u00a0\u00bb css=\u00a0\u00bb.vc_custom_1461662411856{margin-top: 0px !important;background-color: #ffffff !important;}\u00a0\u00bb][vc_column_inner width=\u00a0\u00bb1\/2&Prime; css=\u00a0\u00bb.vc_custom_1461662183153{background-color: #ffffff !important;}\u00a0\u00bb][vc_single_image image=\u00a0\u00bb3393&Prime; img_size=\u00a0\u00bblarge\u00a0\u00bb style=\u00a0\u00bbvc_box_rounded\u00a0\u00bb][vc_empty_space][vc_single_image image=\u00a0\u00bb3521&Prime; img_size=\u00a0\u00bbfull\u00a0\u00bb][vc_empty_space height=\u00a0\u00bb60&Prime;][vc_column_text]<\/p>\n<p style=\"text-align: justify;\">Cette gestion automatique permet de r\u00e9aliser de grands pas (grand effet de bras de levier) avec\u00a0une puissante attaque du talon au sol\u00a0sur n\u2019importe quel terrain. Elle\u00a0corrige toutes les mauvaises positions\u00a0dues \u00e0 la paralysie du pied, pour un parfait d\u00e9roul\u00e9 du pas, tout en pr\u00e9servant un bon sch\u00e9ma de marche.<\/p>\n<p style=\"text-align: justify;\">Le releveur de pied <a href=\"http:\/\/www.pneumaflex.com\" target=\"_blank\">Pneumaflex3\u00ae<\/a>\u00a0bloque instantan\u00e9ment tous les mauvais\u00a0mouvements (entorses par exemple) sans jamais bloquer les bons.<\/p>\n<p style=\"text-align: justify;\">L\u2019ensemble de vos articulations est ainsi prot\u00e9g\u00e9 et votre marche\u00a0am\u00e9lior\u00e9e.<\/p>\n<p>[\/vc_column_text][\/vc_column_inner][vc_column_inner width=\u00a0\u00bb1\/2&Prime; css=\u00a0\u00bb.vc_custom_1461534140330{padding-right: 35px !important;padding-left: 35px !important;background-color: #ffffff !important;}\u00a0\u00bb][vc_column_text]<\/p>\n<p style=\"text-align: justify;\">Le releveur de pied <a href=\"http:\/\/www.pneumaflex.com\" target=\"_blank\">Pneumaflex3<\/a><span class=\"s1\">\u00ae\u00a0<\/span>redonne une fonction dynamique compl\u00e8te au pied tombant ou \u00e0 la jambe paralys\u00e9e lors de la marche.<br \/>\nLa force du releveur est rapidement ajustable \u00e0 chaque cas de paralysie. Il est r\u00e9glable dans sa vitesse et dans sa force.<\/p>\n<p style=\"text-align: justify;\">Ce releveur de pied permet une marche naturelle actionnant les\u00a0muscles\u00a0releveurs paralys\u00e9s, en compl\u00e9ment du travail de r\u00e9\u00e9ducation r\u00e9alis\u00e9 avec un kin\u00e9sith\u00e9rapeute.<\/p>\n<p style=\"text-align: justify;\">Il est l\u00e9ger et discret gr\u00e2ce \u00e0 sa r\u00e9alisation en carbone.<\/p>\n<p style=\"text-align: justify;\">Pathologies concern\u00e9es :<\/p>\n<p style=\"text-align: left; padding-left: 30px;\">Accident vasculaire c\u00e9r\u00e9bral (AVC)<\/p>\n<p style=\"padding-left: 30px;\">H\u00e9mipl\u00e9gie<\/p>\n<p style=\"padding-left: 30px;\">Maladie de Guillain Barr\u00e9<\/p>\n<p style=\"padding-left: 30px;\">Maladie de Charcot Marie Tooth<\/p>\n<p style=\"padding-left: 30px;\">Scl\u00e9rose en plaques<\/p>\n<p style=\"padding-left: 30px;\">Sciatique paralysante<\/p>\n<p style=\"padding-left: 30px;\">Polyn\u00e9vrite<\/p>\n<p style=\"text-align: justify;\">N\u2019h\u00e9sitez pas \u00e0 nous contacter pour r\u00e9aliser un essai et obtenir plus de renseignements.<\/p>\n<p style=\"text-align: justify;\">[\/vc_column_text][vc_column_text]<\/p>\n<p style=\"text-align: justify;\">Technique :<\/p>\n<p style=\"text-align: justify;\">Le\u00a0releveur de pied\u00a0<a href=\"http:\/\/www.pneumaflex.com\" target=\"_blank\">Pneumaflex3\u00ae<\/a> est muni d\u2019un contr\u00f4le imm\u00e9diat de gestion des mouvements: ce\u00a0releveur\u00a0corrige les mauvaises positions que le pied paralys\u00e9 peut pr\u00e9senter dans diff\u00e9rentes pathologies.<\/p>\n<p style=\"text-align: justify;\">[\/vc_column_text][vc_empty_space height=\u00a0\u00bb80&Prime;][vc_single_image image=\u00a0\u00bb3560&Prime; img_size=\u00a0\u00bblarge\u00a0\u00bb style=\u00a0\u00bbvc_box_rounded\u00a0\u00bb][\/vc_column_inner][\/vc_row_inner][\/vc_column][\/vc_row]<\/p>\n","protected":false},"excerpt":{"rendered":"<p>[vc_row full_width=\u00a0\u00bbstretch_row\u00a0\u00bb css=\u00a0\u00bb.vc_custom_1461662271106{padding-top: 100px !important;padding-bottom: 100px !important;background-color: #ffffff !important;}\u00a0\u00bb][vc_column css=\u00a0\u00bb.vc_custom_1461662203985{background-color: #ffffff !important;}\u00a0\u00bb][vc_custom_heading text=\u00a0\u00bbTechnologie Pneumaflex3\u00ae :\u00a0\u00bb font_container=\u00a0\u00bbtag:h1|font_size:44|text_align:center|color:%23000000|line_height:1&Prime; use_theme_fonts=\u00a0\u00bbyes\u00a0\u00bb][vc_empty_space height=\u00a0\u00bb40&Prime;][vc_row_inner equal_height=\u00a0\u00bbyes\u00a0\u00bb css=\u00a0\u00bb.vc_custom_1461662411856{margin-top: 0px !important;background-color: #ffffff !important;}\u00a0\u00bb][vc_column_inner width=\u00a0\u00bb1\/2&Prime; css=\u00a0\u00bb.vc_custom_1461662183153{background-color: #ffffff !important;}\u00a0\u00bb][vc_single_image image=\u00a0\u00bb3393&Prime; img_size=\u00a0\u00bblarge\u00a0\u00bb style=\u00a0\u00bbvc_box_rounded\u00a0\u00bb][vc_empty_space][vc_single_image image=\u00a0\u00bb3521&Prime; img_size=\u00a0\u00bbfull\u00a0\u00bb][vc_empty_space height=\u00a0\u00bb60&Prime;][vc_column_text] Cette gestion automatique permet de r\u00e9aliser de grands pas (grand effet de bras de levier) avec\u00a0une puissante attaque du talon au [&hellip;]<\/p>\n","protected":false},"author":1,"featured_media":0,"parent":0,"menu_order":0,"comment_status":"closed","ping_status":"closed","template":"","meta":[],"_links":{"self":[{"href":"https:\/\/www.podialab.com\/index.php\/wp-json\/wp\/v2\/pages\/3346"}],"collection":[{"href":"https:\/\/www.podialab.com\/index.php\/wp-json\/wp\/v2\/pages"}],"about":[{"href":"https:\/\/www.podialab.com\/index.php\/wp-json\/wp\/v2\/types\/page"}],"author":[{"embeddable":true,"href":"https:\/\/www.podialab.com\/index.php\/wp-json\/wp\/v2\/users\/1"}],"replies":[{"embeddable":true,"href":"https:\/\/www.podialab.com\/index.php\/wp-json\/wp\/v2\/comments?post=3346"}],"version-history":[{"count":21,"href":"https:\/\/www.podialab.com\/index.php\/wp-json\/wp\/v2\/pages\/3346\/revisions"}],"predecessor-version":[{"id":3715,"href":"https:\/\/www.podialab.com\/index.php\/wp-json\/wp\/v2\/pages\/3346\/revisions\/3715"}],"wp:attachment":[{"href":"https:\/\/www.podialab.com\/index.php\/wp-json\/wp\/v2\/media?parent=3346"}],"curies":[{"name":"wp","href":"https:\/\/api.w.org\/{rel}","templated":true}]}}