{"id":3356,"date":"2016-04-24T22:52:15","date_gmt":"2016-04-24T21:52:15","guid":{"rendered":"http:\/\/www.podialab.com\/?page_id=3356"},"modified":"2024-03-04T09:33:19","modified_gmt":"2024-03-04T08:33:19","slug":"appareillage","status":"publish","type":"page","link":"https:\/\/www.podialab.com\/index.php\/appareillage\/","title":{"rendered":"Appareillage"},"content":{"rendered":"<p>[vc_row][vc_column][vc_custom_heading text=\u00a0\u00bbAppareillage :\u00a0\u00bb font_container=\u00a0\u00bbtag:h1|font_size:44|text_align:center|color:%23444444|line_height:1&Prime; use_theme_fonts=\u00a0\u00bbyes\u00a0\u00bb][\/vc_column][\/vc_row][vc_row css=\u00a0\u00bb.vc_custom_1461699238455{padding-top: 50px !important;}\u00a0\u00bb][vc_column width=\u00a0\u00bb1\/2&Prime;][vc_column_text css=\u00a0\u00bb.vc_custom_1464537927498{padding-top: 35px !important;}\u00a0\u00bb]<\/p>\n<p style=\"text-align: justify;\">Nous r\u00e9alisons et fabriquons de nombreux types d\u2019appareillages pour les pieds et membres inf\u00e9rieurs. N\u2019h\u00e9sitez pas \u00e0 nous consulter pour prendre conseil.<\/p>\n<p><strong>Orth\u00e8ses de nuit pour Hallux Valgus :<\/strong><\/p>\n<p style=\"text-align: justify;\">Cette orth\u00e8se permet une mise en posture durant la nuit. Elle permet de soulager l\u2019articulation et ralentit la d\u00e9formation.<\/p>\n<p style=\"text-align: justify;\">[\/vc_column_text][vc_empty_space height=\u00a0\u00bb55&Prime;][vc_column_text]<\/p>\n<p style=\"text-align: justify;\"><strong>Orthoplasties :<\/strong><\/p>\n<p style=\"text-align: justify;\">Les orthoplasties sont de petites orth\u00e8ses d\u2019orteils ou inter-orteils. Elles sont r\u00e9alis\u00e9es sur mesure et sont amovibles. Elles permettent de corriger les d\u00e9formations des orteils.\u00a0 Elles se mettent facilement dans la chaussure et n\u2019emp\u00eachent aucunement la marche normale.<\/p>\n<p style=\"text-align: justify;\">Elles permettent notamment de corriger des orteils en supra-ductus (orteils l\u2019un sur l\u2019autre), d\u2019att\u00e9nuer l\u2019hyperk\u00e9ratose provoqu\u00e9e par les frottements de la chaussure.<\/p>\n<p>[\/vc_column_text][\/vc_column][vc_column width=\u00a0\u00bb1\/2&Prime;][vc_single_image image=\u00a0\u00bb3539&Prime; img_size=\u00a0\u00bbmedium\u00a0\u00bb alignment=\u00a0\u00bbcenter\u00a0\u00bb][vc_empty_space][vc_gallery interval=\u00a0\u00bb3&Prime; images=\u00a0\u00bb3753,3538&Prime; img_size=\u00a0\u00bblarge\u00a0\u00bb onclick=\u00a0\u00bb\u00a0\u00bb][\/vc_column][\/vc_row][vc_row][vc_column][vc_column_text][\/vc_column_text][\/vc_column][\/vc_row]<\/p>\n","protected":false},"excerpt":{"rendered":"<p>[vc_row][vc_column][vc_custom_heading text=\u00a0\u00bbAppareillage :\u00a0\u00bb font_container=\u00a0\u00bbtag:h1|font_size:44|text_align:center|color:%23444444|line_height:1&Prime; use_theme_fonts=\u00a0\u00bbyes\u00a0\u00bb][\/vc_column][\/vc_row][vc_row css=\u00a0\u00bb.vc_custom_1461699238455{padding-top: 50px !important;}\u00a0\u00bb][vc_column width=\u00a0\u00bb1\/2&Prime;][vc_column_text css=\u00a0\u00bb.vc_custom_1464537927498{padding-top: 35px !important;}\u00a0\u00bb] Nous r\u00e9alisons et fabriquons de nombreux types d\u2019appareillages pour les pieds et membres inf\u00e9rieurs. N\u2019h\u00e9sitez pas \u00e0 nous consulter pour prendre conseil. Orth\u00e8ses de nuit pour Hallux Valgus : Cette orth\u00e8se permet une mise en posture durant la nuit. Elle permet de soulager [&hellip;]<\/p>\n","protected":false},"author":1,"featured_media":0,"parent":0,"menu_order":0,"comment_status":"closed","ping_status":"closed","template":"","meta":[],"_links":{"self":[{"href":"https:\/\/www.podialab.com\/index.php\/wp-json\/wp\/v2\/pages\/3356"}],"collection":[{"href":"https:\/\/www.podialab.com\/index.php\/wp-json\/wp\/v2\/pages"}],"about":[{"href":"https:\/\/www.podialab.com\/index.php\/wp-json\/wp\/v2\/types\/page"}],"author":[{"embeddable":true,"href":"https:\/\/www.podialab.com\/index.php\/wp-json\/wp\/v2\/users\/1"}],"replies":[{"embeddable":true,"href":"https:\/\/www.podialab.com\/index.php\/wp-json\/wp\/v2\/comments?post=3356"}],"version-history":[{"count":19,"href":"https:\/\/www.podialab.com\/index.php\/wp-json\/wp\/v2\/pages\/3356\/revisions"}],"predecessor-version":[{"id":3787,"href":"https:\/\/www.podialab.com\/index.php\/wp-json\/wp\/v2\/pages\/3356\/revisions\/3787"}],"wp:attachment":[{"href":"https:\/\/www.podialab.com\/index.php\/wp-json\/wp\/v2\/media?parent=3356"}],"curies":[{"name":"wp","href":"https:\/\/api.w.org\/{rel}","templated":true}]}}