{"id":3368,"date":"2016-04-24T23:04:06","date_gmt":"2016-04-24T22:04:06","guid":{"rendered":"http:\/\/www.podialab.com\/?page_id=3368"},"modified":"2017-03-28T15:08:08","modified_gmt":"2017-03-28T14:08:08","slug":"diabete","status":"publish","type":"page","link":"https:\/\/www.podialab.com\/index.php\/diabete\/","title":{"rendered":"Diab\u00e8te"},"content":{"rendered":"<p>[vc_row full_width=\u00a0\u00bbstretch_row\u00a0\u00bb css=\u00a0\u00bb.vc_custom_1461699551646{padding-top: 50px !important;background-color: #ffffff !important;}\u00a0\u00bb][vc_column][vc_custom_heading text=\u00a0\u00bbDiab\u00e8te :\u00a0\u00bb font_container=\u00a0\u00bbtag:h1|font_size:44|text_align:center|color:%23000000|line_height:1&Prime; use_theme_fonts=\u00a0\u00bbyes\u00a0\u00bb][vc_empty_space height=\u00a0\u00bb40&Prime;][vc_row_inner equal_height=\u00a0\u00bbyes\u00a0\u00bb css=\u00a0\u00bb.vc_custom_1461534388208{margin-top: 0px !important;background-color: #f7f7f7 !important;}\u00a0\u00bb][vc_column_inner css=\u00a0\u00bb.vc_custom_1461534132642{background-color: #ffffff !important;}\u00a0\u00bb][vc_column_text]<\/p>\n<p style=\"text-align: justify;\">Le diab\u00e8te est une pathologie en constante \u00e9volution. On recense aujourd\u2019hui trois millions de diab\u00e9tiques en France. C\u2019est pour cette raison que la prise en charge du patient diab\u00e9tique est, pour nous, essentielle.<\/p>\n<p style=\"text-align: justify;\">Notre r\u00f4le est de vous conseiller et de vous appareiller au mieux en utilisant des mat\u00e9riaux sp\u00e9cialement d\u00e9velopp\u00e9s pour cette pathologie.<\/p>\n<p style=\"text-align: justify;\">Nous r\u00e9alisons un chaussage confortable et pratique, r\u00e9pondant \u00e0 diff\u00e9rentes caract\u00e9ristiques techniques en fonction de la gradation de votre diab\u00e8te.<\/p>\n<p style=\"text-align: justify;\">Nous mettons tout en \u0153uvre pour vous aider en cas de plaies. Par exemple, une d\u00e9charge provisoire peut \u00eatre mise en place.<\/p>\n<p style=\"text-align: justify;\">N\u2019h\u00e9sitez pas \u00e0 nous contacter pour r\u00e9aliser un essai et obtenir plus de renseignements.<\/p>\n<p>[\/vc_column_text][\/vc_column_inner][\/vc_row_inner][\/vc_column][\/vc_row]<\/p>\n<p>&nbsp;<\/p>\n","protected":false},"excerpt":{"rendered":"<p>[vc_row full_width=\u00a0\u00bbstretch_row\u00a0\u00bb css=\u00a0\u00bb.vc_custom_1461699551646{padding-top: 50px !important;background-color: #ffffff !important;}\u00a0\u00bb][vc_column][vc_custom_heading text=\u00a0\u00bbDiab\u00e8te :\u00a0\u00bb font_container=\u00a0\u00bbtag:h1|font_size:44|text_align:center|color:%23000000|line_height:1&Prime; use_theme_fonts=\u00a0\u00bbyes\u00a0\u00bb][vc_empty_space height=\u00a0\u00bb40&Prime;][vc_row_inner equal_height=\u00a0\u00bbyes\u00a0\u00bb css=\u00a0\u00bb.vc_custom_1461534388208{margin-top: 0px !important;background-color: #f7f7f7 !important;}\u00a0\u00bb][vc_column_inner css=\u00a0\u00bb.vc_custom_1461534132642{background-color: #ffffff !important;}\u00a0\u00bb][vc_column_text] Le diab\u00e8te est une pathologie en constante \u00e9volution. On recense aujourd\u2019hui trois millions de diab\u00e9tiques en France. C\u2019est pour cette raison que la prise en charge du patient diab\u00e9tique est, pour nous, essentielle. Notre [&hellip;]<\/p>\n","protected":false},"author":1,"featured_media":0,"parent":0,"menu_order":0,"comment_status":"closed","ping_status":"closed","template":"","meta":[],"_links":{"self":[{"href":"https:\/\/www.podialab.com\/index.php\/wp-json\/wp\/v2\/pages\/3368"}],"collection":[{"href":"https:\/\/www.podialab.com\/index.php\/wp-json\/wp\/v2\/pages"}],"about":[{"href":"https:\/\/www.podialab.com\/index.php\/wp-json\/wp\/v2\/types\/page"}],"author":[{"embeddable":true,"href":"https:\/\/www.podialab.com\/index.php\/wp-json\/wp\/v2\/users\/1"}],"replies":[{"embeddable":true,"href":"https:\/\/www.podialab.com\/index.php\/wp-json\/wp\/v2\/comments?post=3368"}],"version-history":[{"count":6,"href":"https:\/\/www.podialab.com\/index.php\/wp-json\/wp\/v2\/pages\/3368\/revisions"}],"predecessor-version":[{"id":3706,"href":"https:\/\/www.podialab.com\/index.php\/wp-json\/wp\/v2\/pages\/3368\/revisions\/3706"}],"wp:attachment":[{"href":"https:\/\/www.podialab.com\/index.php\/wp-json\/wp\/v2\/media?parent=3368"}],"curies":[{"name":"wp","href":"https:\/\/api.w.org\/{rel}","templated":true}]}}