{"id":3371,"date":"2016-04-24T23:05:46","date_gmt":"2016-04-24T22:05:46","guid":{"rendered":"http:\/\/www.podialab.com\/?page_id=3371"},"modified":"2017-12-24T12:26:32","modified_gmt":"2017-12-24T11:26:32","slug":"appareillage-chaussures-therapeutiques-sur-mesure-pour-enfant-chaussures-orthopediques","status":"publish","type":"page","link":"https:\/\/www.podialab.com\/index.php\/appareillage-chaussures-therapeutiques-sur-mesure-pour-enfant-chaussures-orthopediques\/","title":{"rendered":"Appareillage: chaussures th\u00e9rapeutiques sur mesure pour enfant: (Chaussures orthop\u00e9diques)"},"content":{"rendered":"<p>[vc_row full_width=\u00a0\u00bbstretch_row\u00a0\u00bb css=\u00a0\u00bb.vc_custom_1461534105948{padding-top: 100px !important;padding-bottom: 100px !important;background-color: #ffffff !important;}\u00a0\u00bb][vc_column css=\u00a0\u00bb.vc_custom_1461661811118{background-color: #ffffff !important;}\u00a0\u00bb][vc_custom_heading text=\u00a0\u00bbChaussures th\u00e9rapeutiques sur mesure pour enfant (Chaussures orthop\u00e9diques)<br \/>\n\u00a0\u00bb font_container=\u00a0\u00bbtag:h1|font_size:44|text_align:center|color:%23000000|line_height:1&Prime; use_theme_fonts=\u00a0\u00bbyes\u00a0\u00bb][vc_empty_space height=\u00a0\u00bb40&Prime;][vc_row_inner equal_height=\u00a0\u00bbyes\u00a0\u00bb css=\u00a0\u00bb.vc_custom_1461662493372{margin-top: 0px !important;background-color: #ffffff !important;}\u00a0\u00bb][vc_column_inner width=\u00a0\u00bb1\/2&Prime; css=\u00a0\u00bb.vc_custom_1461534132642{background-color: #ffffff !important;}\u00a0\u00bb][vc_images_carousel images=\u00a0\u00bb3674,3675,3676,3677,3678,3679,3680,3681,3749,3750,3751&Prime; img_size=\u00a0\u00bblarge\u00a0\u00bb speed=\u00a0\u00bb2000&Prime; autoplay=\u00a0\u00bbyes\u00a0\u00bb hide_pagination_control=\u00a0\u00bbyes\u00a0\u00bb hide_prev_next_buttons=\u00a0\u00bbyes\u00a0\u00bb wrap=\u00a0\u00bbyes\u00a0\u00bb][\/vc_column_inner][vc_column_inner width=\u00a0\u00bb1\/2&Prime; css=\u00a0\u00bb.vc_custom_1461534140330{padding-right: 35px !important;padding-left: 35px !important;background-color: #ffffff !important;}\u00a0\u00bb][vc_column_text]<\/p>\n<p style=\"text-align: justify;\">Les enfants peuvent pr\u00e9senter une d\u00e9marche ou une attitude podale particuli\u00e8re, que l\u2019on peut prendre en charge d\u00e8s l\u2019\u00e2ge de 4 ans.<\/p>\n<p style=\"text-align: justify;\">Les chaussures alors fabriqu\u00e9es reprennent la m\u00eame philosophie que celle pour adultes et nous essayons de r\u00e9aliser les mod\u00e8les d\u00e9sir\u00e9s par les enfants. Nous disposons d\u2019un important choix de couleurs et de mat\u00e9riaux.<\/p>\n<p style=\"text-align: justify;\">Pathologies concern\u00e9es :<\/p>\n<p style=\"padding-left: 30px;\">Valgus, varus calcan\u00e9en<\/p>\n<p style=\"padding-left: 30px;\">Pieds creux, pieds plats<\/p>\n<p style=\"padding-left: 30px;\">Neuropathie des membres inf\u00e9rieurs<\/p>\n<p style=\"padding-left: 30px;\">Pieds en adduction \u00e0 la marche (pieds en dedans)<\/p>\n<p style=\"padding-left: 30px;\">Genoux valgum, varum<\/p>\n<p style=\"padding-left: 30px;\">In\u00e9galit\u00e9 de longueur des membre inf\u00e9rieurs sup\u00e9rieure \u00e0 2 cm<\/p>\n<p>[\/vc_column_text][\/vc_column_inner][\/vc_row_inner][\/vc_column][\/vc_row][vc_row][vc_column][vc_column_text]<\/p>\n<p>[\/vc_column_text][\/vc_column][\/vc_row]<\/p>\n","protected":false},"excerpt":{"rendered":"<p>[vc_row full_width=\u00a0\u00bbstretch_row\u00a0\u00bb css=\u00a0\u00bb.vc_custom_1461534105948{padding-top: 100px !important;padding-bottom: 100px !important;background-color: #ffffff !important;}\u00a0\u00bb][vc_column css=\u00a0\u00bb.vc_custom_1461661811118{background-color: #ffffff !important;}\u00a0\u00bb][vc_custom_heading text=\u00a0\u00bbChaussures th\u00e9rapeutiques sur mesure pour enfant (Chaussures orthop\u00e9diques) \u00a0\u00bb font_container=\u00a0\u00bbtag:h1|font_size:44|text_align:center|color:%23000000|line_height:1&Prime; use_theme_fonts=\u00a0\u00bbyes\u00a0\u00bb][vc_empty_space height=\u00a0\u00bb40&Prime;][vc_row_inner equal_height=\u00a0\u00bbyes\u00a0\u00bb css=\u00a0\u00bb.vc_custom_1461662493372{margin-top: 0px !important;background-color: #ffffff !important;}\u00a0\u00bb][vc_column_inner width=\u00a0\u00bb1\/2&Prime; css=\u00a0\u00bb.vc_custom_1461534132642{background-color: #ffffff !important;}\u00a0\u00bb][vc_images_carousel images=\u00a0\u00bb3674,3675,3676,3677,3678,3679,3680,3681,3749,3750,3751&Prime; img_size=\u00a0\u00bblarge\u00a0\u00bb speed=\u00a0\u00bb2000&Prime; autoplay=\u00a0\u00bbyes\u00a0\u00bb hide_pagination_control=\u00a0\u00bbyes\u00a0\u00bb hide_prev_next_buttons=\u00a0\u00bbyes\u00a0\u00bb wrap=\u00a0\u00bbyes\u00a0\u00bb][\/vc_column_inner][vc_column_inner width=\u00a0\u00bb1\/2&Prime; css=\u00a0\u00bb.vc_custom_1461534140330{padding-right: 35px !important;padding-left: 35px !important;background-color: #ffffff !important;}\u00a0\u00bb][vc_column_text] Les enfants peuvent pr\u00e9senter une d\u00e9marche [&hellip;]<\/p>\n","protected":false},"author":1,"featured_media":0,"parent":0,"menu_order":0,"comment_status":"closed","ping_status":"closed","template":"","meta":[],"_links":{"self":[{"href":"https:\/\/www.podialab.com\/index.php\/wp-json\/wp\/v2\/pages\/3371"}],"collection":[{"href":"https:\/\/www.podialab.com\/index.php\/wp-json\/wp\/v2\/pages"}],"about":[{"href":"https:\/\/www.podialab.com\/index.php\/wp-json\/wp\/v2\/types\/page"}],"author":[{"embeddable":true,"href":"https:\/\/www.podialab.com\/index.php\/wp-json\/wp\/v2\/users\/1"}],"replies":[{"embeddable":true,"href":"https:\/\/www.podialab.com\/index.php\/wp-json\/wp\/v2\/comments?post=3371"}],"version-history":[{"count":22,"href":"https:\/\/www.podialab.com\/index.php\/wp-json\/wp\/v2\/pages\/3371\/revisions"}],"predecessor-version":[{"id":3752,"href":"https:\/\/www.podialab.com\/index.php\/wp-json\/wp\/v2\/pages\/3371\/revisions\/3752"}],"wp:attachment":[{"href":"https:\/\/www.podialab.com\/index.php\/wp-json\/wp\/v2\/media?parent=3371"}],"curies":[{"name":"wp","href":"https:\/\/api.w.org\/{rel}","templated":true}]}}