{"id":3375,"date":"2016-04-24T23:09:38","date_gmt":"2016-04-24T22:09:38","guid":{"rendered":"http:\/\/www.podialab.com\/?page_id=3375"},"modified":"2017-03-28T15:09:44","modified_gmt":"2017-03-28T14:09:44","slug":"3375-2","status":"publish","type":"page","link":"https:\/\/www.podialab.com\/index.php\/3375-2\/","title":{"rendered":"FAQ"},"content":{"rendered":"<p>[vc_row][vc_column][vc_empty_space][vc_column_text]<b>Questions fr\u00e9quentes:<\/b>[\/vc_column_text][\/vc_column][\/vc_row][vc_row][vc_column][vc_separator][\/vc_column][\/vc_row][vc_row][vc_column][vc_toggle title=\u00a0\u00bbComment puis-je b\u00e9n\u00e9ficier d\u2019une paire de chaussures th\u00e9rapeutiques sur mesure (chaussures orthop\u00e9diques)?\u00a0\u00bb open=\u00a0\u00bbtrue\u00a0\u00bb el_id=\u00a0\u00bb1461535670080-60008aaa-1420&Prime;]Pour une premi\u00e8re attribution de chaussures orthop\u00e9diques, il vous faut une prescription d\u2019un m\u00e9decin sp\u00e9cialiste qui, lui seul, peut prescrire un appareillage de ce type (m\u00e9decin de m\u00e9decine physique et r\u00e9adaptation, rhumatologue, chirurgien orthop\u00e9diques, neurologue,\u2026<\/p>\n<p>Muni de votre attestation de droit de la carte vitale et de l\u2019ordonnance, vous vous rendez chez un podo-orth\u00e9siste. Celui-ci effectue un bilan complet avec prise de mesures \u00e0 partir d\u2019un moulage ou d\u2019un scan 3D si besoin. Une demande de prise en charge est faite aupr\u00e8s de la caisse d\u2019assurance maladie du patient par le podo-orth\u00e9site. Sur les conseils de celui-ci, le patient choisit le mod\u00e8le, les coloris et l\u2019esth\u00e9tique.<\/p>\n<p>Les chaussures peuvent \u00eatre prises en charge \u00e0 60 ou 100% selon les cas. Les mutuelles peuvent venir compl\u00e9ter ces prises en charge.[\/vc_toggle][vc_toggle title=\u00a0\u00bbQuelle est la dur\u00e9e de validit\u00e9 de ma prescription ?\u00a0\u00bb el_id=\u00a0\u00bb1461535670122-2f29275d-ba7d\u00a0\u00bb]La prescription m\u00e9dicale doit dater de moins de 6 mois. Vos droits doivent \u00eatre ouverts \u00e0 la date de la prescription m\u00e9dicale.[\/vc_toggle][vc_toggle title=\u00a0\u00bbComment puis-je faire r\u00e9parer mes chaussures ?\u00a0\u00bb el_id=\u00a0\u00bb1461535670163-f2b7fea3-f454&Prime;]Pour faire r\u00e9parer vos chaussures vous devez les confier \u00e0 votre podo-orth\u00e9siste afin que celui-ci puisse proc\u00e9der \u00e0 leur r\u00e9paration et \u00e0 leur entretien. Les r\u00e9parations peuvent \u00eatre prises en charge pas l\u2019assurance maladie. Il n\u2019est pas n\u00e9cessaire d\u2019avoir une prescription m\u00e9dicale pour faire r\u00e9aliser ces r\u00e9parations.<\/p>\n<p>La r\u00e9paration de vos chaussures n&#8217;emp\u00eache pas leur renouvellement.[\/vc_toggle][vc_toggle title=\u00a0\u00bbComment puis-je faire un bilan podologique ?\u00a0\u00bb el_id=\u00a0\u00bb1461535670204-0a8cb255-22b6&Prime;]Votre podo-orth\u00e9siste est apte \u00e0 r\u00e9aliser un bilan podologique d\u00e9taill\u00e9. Si le port d\u2019orth\u00e8ses plantaires se r\u00e9v\u00e8le n\u00e9cessaire, vous devez obtenir une prescription de votre m\u00e9decin afin que le podo-orth\u00e9siste puisse vous les d\u00e9livrer. Nous vous remettons alors un courrier circonstanci\u00e9 sur le bilan podologique et les examens effectu\u00e9s afin de guider votre m\u00e9decin dans son jugement.[\/vc_toggle][vc_toggle title=\u00a0\u00bbComment r\u00e9aliser un essai pneumaflex\/mecaflex ?\u00a0\u00bb el_id=\u00a0\u00bb1461535670245-d1a8c09d-e0e9&Prime;]Avant toute prise de mesure, pour une premi\u00e8re attribution, un rendez-vous d\u2019essai est obligatoire. Pour obtenir ce rendez-vous, une simple demande par mail ou t\u00e9l\u00e9phone suffit.<\/p>\n<p>La chaussure th\u00e9rapeutique sur mesure mecaflex pouvant b\u00e9n\u00e9ficier d\u2019une prise en charge, reportez-vous \u00e0: \u00ab\u00a0Comment puis-je b\u00e9n\u00e9ficier d\u2019une paire de chaussures th\u00e9rapeutiques sur mesure\u00a0(Chaussures orthop\u00e9diques)?\u00a0\u00bb pour obtenir plus de d\u00e9tails.[\/vc_toggle][\/vc_column][\/vc_row]<\/p>\n","protected":false},"excerpt":{"rendered":"<p>[vc_row][vc_column][vc_empty_space][vc_column_text]Questions fr\u00e9quentes:[\/vc_column_text][\/vc_column][\/vc_row][vc_row][vc_column][vc_separator][\/vc_column][\/vc_row][vc_row][vc_column][vc_toggle title=\u00a0\u00bbComment puis-je b\u00e9n\u00e9ficier d\u2019une paire de chaussures th\u00e9rapeutiques sur mesure (chaussures orthop\u00e9diques)?\u00a0\u00bb open=\u00a0\u00bbtrue\u00a0\u00bb el_id=\u00a0\u00bb1461535670080-60008aaa-1420&Prime;]Pour une premi\u00e8re attribution de chaussures orthop\u00e9diques, il vous faut une prescription d\u2019un m\u00e9decin sp\u00e9cialiste qui, lui seul, peut prescrire un appareillage de ce type (m\u00e9decin de m\u00e9decine physique et r\u00e9adaptation, rhumatologue, chirurgien orthop\u00e9diques, neurologue,\u2026 Muni de votre attestation de [&hellip;]<\/p>\n","protected":false},"author":1,"featured_media":0,"parent":0,"menu_order":0,"comment_status":"closed","ping_status":"closed","template":"","meta":[],"_links":{"self":[{"href":"https:\/\/www.podialab.com\/index.php\/wp-json\/wp\/v2\/pages\/3375"}],"collection":[{"href":"https:\/\/www.podialab.com\/index.php\/wp-json\/wp\/v2\/pages"}],"about":[{"href":"https:\/\/www.podialab.com\/index.php\/wp-json\/wp\/v2\/types\/page"}],"author":[{"embeddable":true,"href":"https:\/\/www.podialab.com\/index.php\/wp-json\/wp\/v2\/users\/1"}],"replies":[{"embeddable":true,"href":"https:\/\/www.podialab.com\/index.php\/wp-json\/wp\/v2\/comments?post=3375"}],"version-history":[{"count":8,"href":"https:\/\/www.podialab.com\/index.php\/wp-json\/wp\/v2\/pages\/3375\/revisions"}],"predecessor-version":[{"id":3709,"href":"https:\/\/www.podialab.com\/index.php\/wp-json\/wp\/v2\/pages\/3375\/revisions\/3709"}],"wp:attachment":[{"href":"https:\/\/www.podialab.com\/index.php\/wp-json\/wp\/v2\/media?parent=3375"}],"curies":[{"name":"wp","href":"https:\/\/api.w.org\/{rel}","templated":true}]}}